{"id":1138,"date":"2022-02-10T19:51:19","date_gmt":"2022-02-10T22:51:19","guid":{"rendered":"http:\/\/assistenciafarmaceutica.com.br\/?page_id=1138"},"modified":"2022-03-09T11:03:11","modified_gmt":"2022-03-09T14:03:11","slug":"mensagem","status":"publish","type":"page","link":"https:\/\/www.inaff.org.br\/simfar\/mensagem\/","title":{"rendered":"Mensagem"},"content":{"rendered":"\t\t<div data-elementor-type=\"wp-page\" data-elementor-id=\"1138\" class=\"elementor elementor-1138\">\n\t\t\t\t\t\t<section class=\"elementor-section elementor-top-section elementor-element elementor-element-355f9cdc elementor-section-boxed elementor-section-height-default elementor-section-height-default\" data-id=\"355f9cdc\" data-element_type=\"section\" data-e-type=\"section\" data-settings=\"{&quot;background_background&quot;:&quot;classic&quot;}\">\n\t\t\t\t\t\t\t<div class=\"elementor-background-overlay\"><\/div>\n\t\t\t\t\t\t\t<div class=\"elementor-container elementor-column-gap-default\">\n\t\t\t\t\t<div class=\"elementor-column elementor-col-100 elementor-top-column elementor-element elementor-element-0e03d95\" data-id=\"0e03d95\" data-element_type=\"column\" data-e-type=\"column\">\n\t\t\t<div class=\"elementor-widget-wrap elementor-element-populated\">\n\t\t\t\t\t\t<section class=\"elementor-section elementor-inner-section elementor-element elementor-element-675bd56 elementor-section-boxed elementor-section-height-default elementor-section-height-default\" data-id=\"675bd56\" data-element_type=\"section\" data-e-type=\"section\">\n\t\t\t\t\t\t<div class=\"elementor-container elementor-column-gap-default\">\n\t\t\t\t\t<div class=\"elementor-column elementor-col-50 elementor-inner-column elementor-element elementor-element-ba1f581\" data-id=\"ba1f581\" data-element_type=\"column\" data-e-type=\"column\">\n\t\t\t<div class=\"elementor-widget-wrap elementor-element-populated\">\n\t\t\t\t\t\t<div class=\"elementor-element elementor-element-02f94ef eael-infobox-shape-circle eael-infobox-hover-img-shape-circle eael-infobox-content-align-center elementor-widget elementor-widget-eael-info-box\" data-id=\"02f94ef\" data-element_type=\"widget\" data-e-type=\"widget\" data-widget_type=\"eael-info-box.default\">\n\t\t\t\t<div class=\"elementor-widget-container\">\n\t\t\t\t\t                    <div class=\"eael-infobox\">\n                    <div class=\"infobox-icon\">\n\n                            <img decoding=\"async\" src=\"https:\/\/www.inaff.org.br\/simfar\/wp-content\/uploads\/2022\/02\/lindemberg_acosta.jpg\" alt=\"\">\n            \n            \n            \n        <\/div>\n            <div class=\"infobox-content\">\n            <h4 class=\"title\">Lindemberg A. Costa<\/h4>\n                                                                        <p><p>Presidente do INAFF<\/p><\/p>\n                                                                            <\/div>\n    <\/div>\t\t\t\t<\/div>\n\t\t\t\t<\/div>\n\t\t\t\t\t<\/div>\n\t\t<\/div>\n\t\t\t\t<div class=\"elementor-column elementor-col-50 elementor-inner-column elementor-element elementor-element-2647904\" data-id=\"2647904\" data-element_type=\"column\" data-e-type=\"column\">\n\t\t\t<div class=\"elementor-widget-wrap elementor-element-populated\">\n\t\t\t\t\t\t<div class=\"elementor-element elementor-element-dbde816 elementor-widget elementor-widget-text-editor\" data-id=\"dbde816\" data-element_type=\"widget\" data-e-type=\"widget\" data-widget_type=\"text-editor.default\">\n\t\t\t\t<div class=\"elementor-widget-container\">\n\t\t\t\t\t\t\t\t\t<p><b>Prezados Congressistas,<\/b><\/p><p>O Instituto Nacional de Assist\u00eancia Farmac\u00eautica e Farmacoeconomia tem o prazer de lhes apresentar o\u00a0<span style=\"font-weight: bold; font-size: 1rem;\">2<\/span><b style=\"font-style: inherit;\">\u00ba Simp\u00f3sio Regional de Assist\u00eancia Farmac\u00eautica<\/b><span style=\"font-style: inherit; font-weight: inherit;\">, que ser\u00e1 realizado no per\u00edodo de <\/span><b style=\"font-style: inherit;\">22 a 24 de junho de 2022<\/b><span style=\"font-style: inherit; font-weight: inherit;\">, no\u00a0 Hotel Embaixador, em Porto Alegre-RS, sob o tema: \u201cO Cuidado Farmac\u00eautico em Perspectiva&#8221;.<\/span><\/p><p>Alcan\u00e7ando a sua segunda edi\u00e7\u00e3o, nosso encontro anual retornar\u00e1 ao formato presencial ap\u00f3s 1 anos em formato virtual. Esperamos levar para Porto Alegre\/RS o maior evento de todos os tempos. Com a previs\u00e3o de receber mais de 300 pessoas, incluindo farmac\u00eauticos, m\u00e9dicos, gestores, e \u00e1reas a\ufb01ns, al\u00e9m de outros profissionais de sa\u00fade que lidam com a assist\u00eancia farmac\u00eautica, teremos profissionais de renome nacional para dividir seus saberes com os nossos participantes.<\/p><p>O objetivo principal do Simp\u00f3sio \u00e9 fomentar, atualizar, aprimorar e divulgar o conhecimento, estimulando a produ\u00e7\u00e3o cient\u00edfica e apoiando o aprofundamento em temas relativos \u00e0 sa\u00fade, al\u00e9m de propiciar um momento de networking e intera\u00e7\u00e3o entre profissionais.<\/p><p>Desta maneira, convidamos a todos para participar ativamente no <b>2\u00ba SIMFAR<\/b>, para juntos promovermos um grande e inesquec\u00edvel evento, com excel\u00eancia t\u00e9cnica, organizacional, cient\u00edfica, \u00e9tica e cultural.<\/p><p>Na expectativa de encontr\u00e1-los no 2\u00ba. SIMFAR, colocamo-nos \u00e0 disposi\u00e7\u00e3o para informa\u00e7\u00f5es.<\/p><p><b>Um abra\u00e7o e nos vemos por l\u00e1.<\/b><\/p>\t\t\t\t\t\t\t\t<\/div>\n\t\t\t\t<\/div>\n\t\t\t\t\t<\/div>\n\t\t<\/div>\n\t\t\t\t\t<\/div>\n\t\t<\/section>\n\t\t\t\t\t<\/div>\n\t\t<\/div>\n\t\t\t\t\t<\/div>\n\t\t<\/section>\n\t\t\t\t<\/div>\n\t\t","protected":false},"excerpt":{"rendered":"<p>Lindemberg A. Costa Presidente do INAFF Prezados Congressistas, O Instituto Nacional de Assist\u00eancia Farmac\u00eautica e Farmacoeconomia tem o prazer de lhes apresentar o\u00a02\u00ba Simp\u00f3sio Regional de Assist\u00eancia Farmac\u00eautica, que ser\u00e1 realizado no per\u00edodo de 22 a 24 de junho de 2022, no\u00a0 Hotel Embaixador, em Porto Alegre-RS, sob o tema: \u201cO Cuidado Farmac\u00eautico em Perspectiva&#8221;. &hellip;<\/p>\n<p class=\"read-more\"> <a class=\"\" href=\"https:\/\/www.inaff.org.br\/simfar\/mensagem\/\"> <span class=\"screen-reader-text\">Mensagem<\/span> Leia mais \u00bb<\/a><\/p>\n","protected":false},"author":1,"featured_media":0,"parent":0,"menu_order":0,"comment_status":"closed","ping_status":"closed","template":"","meta":{"site-sidebar-layout":"no-sidebar","site-content-layout":"page-builder","ast-main-header-display":"","ast-hfb-above-header-display":"","ast-hfb-below-header-display":"","ast-hfb-mobile-header-display":"","site-post-title":"disabled","ast-breadcrumbs-content":"","ast-featured-img":"disabled","footer-sml-layout":"","theme-transparent-header-meta":"","adv-header-id-meta":"","stick-header-meta":"","header-above-stick-meta":"","header-main-stick-meta":"","header-below-stick-meta":"","footnotes":""},"class_list":["post-1138","page","type-page","status-publish","hentry"],"_links":{"self":[{"href":"https:\/\/www.inaff.org.br\/simfar\/wp-json\/wp\/v2\/pages\/1138","targetHints":{"allow":["GET"]}}],"collection":[{"href":"https:\/\/www.inaff.org.br\/simfar\/wp-json\/wp\/v2\/pages"}],"about":[{"href":"https:\/\/www.inaff.org.br\/simfar\/wp-json\/wp\/v2\/types\/page"}],"author":[{"embeddable":true,"href":"https:\/\/www.inaff.org.br\/simfar\/wp-json\/wp\/v2\/users\/1"}],"replies":[{"embeddable":true,"href":"https:\/\/www.inaff.org.br\/simfar\/wp-json\/wp\/v2\/comments?post=1138"}],"version-history":[{"count":197,"href":"https:\/\/www.inaff.org.br\/simfar\/wp-json\/wp\/v2\/pages\/1138\/revisions"}],"predecessor-version":[{"id":5586,"href":"https:\/\/www.inaff.org.br\/simfar\/wp-json\/wp\/v2\/pages\/1138\/revisions\/5586"}],"wp:attachment":[{"href":"https:\/\/www.inaff.org.br\/simfar\/wp-json\/wp\/v2\/media?parent=1138"}],"curies":[{"name":"wp","href":"https:\/\/api.w.org\/{rel}","templated":true}]}}