{"id":1773,"date":"2022-02-15T13:54:58","date_gmt":"2022-02-15T16:54:58","guid":{"rendered":"http:\/\/assistenciafarmaceutica.com.br\/?page_id=1773"},"modified":"2022-06-21T10:12:05","modified_gmt":"2022-06-21T13:12:05","slug":"inscricoes","status":"publish","type":"page","link":"https:\/\/www.inaff.org.br\/simfar\/inscricoes\/","title":{"rendered":"Inscri\u00e7\u00f5es"},"content":{"rendered":"\t\t<div data-elementor-type=\"wp-page\" data-elementor-id=\"1773\" class=\"elementor elementor-1773\">\n\t\t\t\t\t\t<section class=\"elementor-section elementor-top-section elementor-element elementor-element-f640cbe elementor-section-boxed elementor-section-height-default elementor-section-height-default\" data-id=\"f640cbe\" data-element_type=\"section\" data-e-type=\"section\" data-settings=\"{&quot;background_background&quot;:&quot;classic&quot;}\">\n\t\t\t\t\t\t\t<div class=\"elementor-background-overlay\"><\/div>\n\t\t\t\t\t\t\t<div class=\"elementor-container elementor-column-gap-default\">\n\t\t\t\t\t<div class=\"elementor-column elementor-col-100 elementor-top-column elementor-element elementor-element-eb74eae\" data-id=\"eb74eae\" data-element_type=\"column\" data-e-type=\"column\">\n\t\t\t<div class=\"elementor-widget-wrap elementor-element-populated\">\n\t\t\t\t\t\t<section class=\"elementor-section elementor-inner-section elementor-element elementor-element-da4bad2 elementor-section-boxed elementor-section-height-default elementor-section-height-default\" data-id=\"da4bad2\" data-element_type=\"section\" data-e-type=\"section\">\n\t\t\t\t\t\t<div class=\"elementor-container elementor-column-gap-default\">\n\t\t\t\t\t<div class=\"elementor-column elementor-col-100 elementor-inner-column elementor-element elementor-element-0056a2d\" data-id=\"0056a2d\" data-element_type=\"column\" data-e-type=\"column\">\n\t\t\t<div class=\"elementor-widget-wrap elementor-element-populated\">\n\t\t\t\t\t\t<div class=\"elementor-element elementor-element-70dd2c0 elementor-alert-danger elementor-hidden-desktop elementor-hidden-tablet elementor-hidden-mobile elementor-widget elementor-widget-alert\" data-id=\"70dd2c0\" data-element_type=\"widget\" data-e-type=\"widget\" data-widget_type=\"alert.default\">\n\t\t\t\t<div class=\"elementor-widget-container\">\n\t\t\t\t\t\t\t<div class=\"elementor-alert\" role=\"alert\">\n\n\t\t\t\t\t\t<span class=\"elementor-alert-title\">As inscri\u00e7\u00f5es online estar\u00e3o abertas em breve!<\/span>\n\t\t\t\n\t\t\t\n\t\t\t\t\t\t<button type=\"button\" class=\"elementor-alert-dismiss\" aria-label=\"Dispensar este alerta.\">\n\t\t\t\t\t\t\t\t\t<span aria-hidden=\"true\">&times;<\/span>\n\t\t\t\t\t\t\t<\/button>\n\t\t\t\n\t\t<\/div>\n\t\t\t\t\t\t<\/div>\n\t\t\t\t<\/div>\n\t\t\t\t<div class=\"elementor-element elementor-element-2f227c1 elementor-widget elementor-widget-text-editor\" data-id=\"2f227c1\" data-element_type=\"widget\" data-e-type=\"widget\" data-widget_type=\"text-editor.default\">\n\t\t\t\t<div class=\"elementor-widget-container\">\n\t\t\t\t\t\t\t\t\tPara as categorias destacadas com * ser\u00e1 obrigat\u00f3rio a submiss\u00e3o de documento comprobat\u00f3rio.<br>\nO pagamento apenas ser\u00e1 disponibilizado ap\u00f3s a verifica\u00e7\u00e3o desta documenta\u00e7\u00e3o.\t\t\t\t\t\t\t\t<\/div>\n\t\t\t\t<\/div>\n\t\t\t\t<div class=\"elementor-element elementor-element-589624c eael-dt-th-align-center eael-dt-td-align-center eael-table-align-center elementor-widget elementor-widget-eael-data-table\" data-id=\"589624c\" data-element_type=\"widget\" data-e-type=\"widget\" data-widget_type=\"eael-data-table.default\">\n\t\t\t\t<div class=\"elementor-widget-container\">\n\t\t\t\t\t\t\t<div class=\"eael-data-table-wrap\" data-table_id=\"589624c\" data-custom_responsive=\"false\">\n\t\t\t<table class=\"tablesorter eael-data-table center\" id=\"eael-data-table-589624c\">\n\t\t\t    <thead>\n\t\t\t        <tr class=\"table-header\">\n\t\t\t\t\t\t\t\t\t            <th class=\" sorting\" id=\"\" colspan=\"\">\n\t\t\t\t\t\t\t\t\t\t\t\t\t\t<span class=\"data-table-header-text\">Categorias<\/span><\/th>\n\t\t\t        \t\t\t\t            <th class=\" sorting\" id=\"\" colspan=\"\">\n\t\t\t\t\t\t\t\t\t\t\t\t\t\t<span class=\"data-table-header-text\">at\u00e9 22.06.2022<\/span><\/th>\n\t\t\t        \t\t\t\t            <th class=\" sorting\" id=\"\" colspan=\"\">\n\t\t\t\t\t\t\t\t\t\t\t\t\t\t\t\t\t\t\t\t\t\t\t\t\t\t\t\t\t\t\t\t\t\t<i class=\"fas fa-ticket-alt data-header-icon\"><\/i>\n\t\t\t\t\t\t\t\t\t\t\t\t\t\t\t\t\t\t\t\t            \t\t\t\t\t\t\t\t<span class=\"data-table-header-text\">Inscri\u00e7\u00e3o<\/span><\/th>\n\t\t\t        \t\t\t\t        <\/tr>\n\t\t\t    <\/thead>\n\t\t\t  \t<tbody>\n\t\t\t\t\t\t\t\t\t\t\t<tr>\n\t\t\t\t\t\t\t\t\t\t\t\t\t\t\t\t   \t\t\t\t\t\t\t\t\t\t\t<td colspan=\"\" rowspan=\"\" class=\"\" id=\"\">\n\t\t\t\t\t\t\t\t\t\t\t\t<div class=\"td-content-wrapper\"><div class=\"td-content\"><b>Profissionais da \u00c1rea de Sa\u00fade*<\/b>\n<br><br>*Obrigat\u00f3rio submiss\u00e3o de declara\u00e7\u00e3o da institui\u00e7\u00e3o onde trabalha ou carteira do respectivo conselho<\/div><\/div>\n\t\t\t\t\t\t\t\t\t\t\t<\/td>\n\t\t\t\t\t\t\t\t\t\t\t\t\t\t\t\t\t\t\t\t\t\t\t\t\t\t\t\t\t   \t\t\t\t\t\t\t\t\t\t\t<td colspan=\"\" rowspan=\"\" class=\"\" id=\"\">\n\t\t\t\t\t\t\t\t\t\t\t\t<div class=\"td-content-wrapper\"><div class=\"td-content\">No local do evento Hotel Embaixador<\/div><\/div>\n\t\t\t\t\t\t\t\t\t\t\t<\/td>\n\t\t\t\t\t\t\t\t\t\t\t\t\t\t\t\t\t\t\t\t\t\t\t\t\t\t\t\t\t   \t\t\t\t\t\t\t\t\t\t\t<td colspan=\"\" rowspan=\"\" class=\"\" id=\"\">\n\t\t\t\t\t\t\t\t\t\t\t\t<div class=\"td-content-wrapper\"><div class=\"td-content\"><\/div><\/div>\n\t\t\t\t\t\t\t\t\t\t\t<\/td>\n\t\t\t\t\t\t\t\t\t\t\t\t\t\t\t\t\t\t\t\t\t\t\t\t\t\t<\/tr>\n\t\t\t        \t\t\t\t\t\t<tr>\n\t\t\t\t\t\t\t\t\t\t\t\t\t\t\t\t   \t\t\t\t\t\t\t\t\t\t\t<td colspan=\"\" rowspan=\"\" class=\"\" id=\"\">\n\t\t\t\t\t\t\t\t\t\t\t\t<div class=\"td-content-wrapper\"><div class=\"td-content\"><b>Estudantes de Gradua\u00e7\u00e3o*<\/b>\n<br><br>*Obrigat\u00f3rio submiss\u00e3o de comprovante de matr\u00edcula fornecido por \u00f3rg\u00e3o credenciado da institui\u00e7\u00e3o de origem<\/div><\/div>\n\t\t\t\t\t\t\t\t\t\t\t<\/td>\n\t\t\t\t\t\t\t\t\t\t\t\t\t\t\t\t\t\t\t\t\t\t\t\t\t\t\t\t\t   \t\t\t\t\t\t\t\t\t\t\t<td colspan=\"\" rowspan=\"\" class=\"\" id=\"\">\n\t\t\t\t\t\t\t\t\t\t\t\t<div class=\"td-content-wrapper\"><div class=\"td-content\">No local do evento Hotel Embaixador<\/div><\/div>\n\t\t\t\t\t\t\t\t\t\t\t<\/td>\n\t\t\t\t\t\t\t\t\t\t\t\t\t\t\t\t\t\t\t\t\t\t\t\t\t\t\t\t\t   \t\t\t\t\t\t\t\t\t\t\t<td colspan=\"\" rowspan=\"\" class=\"\" id=\"\">\n\t\t\t\t\t\t\t\t\t\t\t\t<div class=\"td-content-wrapper\"><div class=\"td-content\"><\/div><\/div>\n\t\t\t\t\t\t\t\t\t\t\t<\/td>\n\t\t\t\t\t\t\t\t\t\t\t\t\t\t\t\t\t\t\t\t\t\t\t\t\t\t<\/tr>\n\t\t\t        \t\t\t    <\/tbody>\n\t\t\t<\/table>\n\t\t<\/div>\n\t  \t\t\t\t\t<\/div>\n\t\t\t\t<\/div>\n\t\t\t\t\t<\/div>\n\t\t<\/div>\n\t\t\t\t\t<\/div>\n\t\t<\/section>\n\t\t\t\t<section class=\"elementor-section elementor-inner-section elementor-element elementor-element-605a89a elementor-section-boxed elementor-section-height-default elementor-section-height-default\" data-id=\"605a89a\" data-element_type=\"section\" data-e-type=\"section\">\n\t\t\t\t\t\t<div class=\"elementor-container elementor-column-gap-default\">\n\t\t\t\t\t<div class=\"elementor-column elementor-col-100 elementor-inner-column elementor-element elementor-element-779825c\" data-id=\"779825c\" data-element_type=\"column\" data-e-type=\"column\">\n\t\t\t<div class=\"elementor-widget-wrap elementor-element-populated\">\n\t\t\t\t\t\t<div class=\"elementor-element elementor-element-c2151f5 elementor-widget elementor-widget-heading\" data-id=\"c2151f5\" data-element_type=\"widget\" data-e-type=\"widget\" data-widget_type=\"heading.default\">\n\t\t\t\t<div class=\"elementor-widget-container\">\n\t\t\t\t\t<h3 class=\"elementor-heading-title elementor-size-default\">Instru\u00e7\u00e3o para pagamento da taxa de inscri\u00e7\u00e3o<\/h3>\t\t\t\t<\/div>\n\t\t\t\t<\/div>\n\t\t\t\t<div class=\"elementor-element elementor-element-dad9dd7 elementor-widget elementor-widget-text-editor\" data-id=\"dad9dd7\" data-element_type=\"widget\" data-e-type=\"widget\" data-widget_type=\"text-editor.default\">\n\t\t\t\t<div class=\"elementor-widget-container\">\n\t\t\t\t\t\t\t\t\t<p>A Taxa de Inscri\u00e7\u00e3o dever\u00e1 ser paga por cart\u00e3o de cr\u00e9dito ou boleto banc\u00e1rio:<\/p><ul><li>Cart\u00e3o de Cr\u00e9dito \u2013 Cielo<\/li><li>Boleto banc\u00e1rio<\/li><\/ul><p>N\u00e3o h\u00e1 parcelamento da taxa de inscri\u00e7\u00e3o<\/p><p>Em caso de d\u00favidas, entre em contato: e-mail <a href=\"mailto:contato@pharmaeventus.com.br\">contato@pharmaeventus.com.br<\/a> ou telefone <a href=\"tel:7135610260\">(71) 3561-0260<\/a>.<\/p>\t\t\t\t\t\t\t\t<\/div>\n\t\t\t\t<\/div>\n\t\t\t\t\t<\/div>\n\t\t<\/div>\n\t\t\t\t\t<\/div>\n\t\t<\/section>\n\t\t\t\t<section class=\"elementor-section elementor-inner-section elementor-element elementor-element-5f24b36 elementor-section-boxed elementor-section-height-default elementor-section-height-default\" data-id=\"5f24b36\" data-element_type=\"section\" data-e-type=\"section\">\n\t\t\t\t\t\t<div class=\"elementor-container elementor-column-gap-default\">\n\t\t\t\t\t<div class=\"elementor-column elementor-col-100 elementor-inner-column elementor-element elementor-element-dfe60cd\" data-id=\"dfe60cd\" data-element_type=\"column\" data-e-type=\"column\">\n\t\t\t<div class=\"elementor-widget-wrap elementor-element-populated\">\n\t\t\t\t\t\t<div class=\"elementor-element elementor-element-d73d95e elementor-widget elementor-widget-heading\" data-id=\"d73d95e\" data-element_type=\"widget\" data-e-type=\"widget\" data-widget_type=\"heading.default\">\n\t\t\t\t<div class=\"elementor-widget-container\">\n\t\t\t\t\t<h3 class=\"elementor-heading-title elementor-size-default\">Pol\u00edtica de cancelamento e reembolso de inscri\u00e7\u00e3o<\/h3>\t\t\t\t<\/div>\n\t\t\t\t<\/div>\n\t\t\t\t<div class=\"elementor-element elementor-element-a498313 elementor-widget elementor-widget-text-editor\" data-id=\"a498313\" data-element_type=\"widget\" data-e-type=\"widget\" data-widget_type=\"text-editor.default\">\n\t\t\t\t<div class=\"elementor-widget-container\">\n\t\t\t\t\t\t\t\t\t<p>Solicita\u00e7\u00f5es enviadas:<\/p><ul><li>At\u00e9 15 de abril de 2022 ter\u00e3o devolu\u00e7\u00e3o de 70% do valor.<\/li><li>De 16 de abril at\u00e9 13 de junho de 2022 ter\u00e3o devolu\u00e7\u00e3o de 50% do valor.<\/li><li>De 14 de junho de 2022 a 25 de julho de 2022 ter\u00e3o devolu\u00e7\u00e3o de 30% do valor.<\/li><\/ul><p>Ap\u00f3s essa data n\u00e3o haver\u00e1 devolu\u00e7\u00e3o, somente substitui\u00e7\u00e3o de participante.<\/p><p>O ressarcimento somente ser\u00e1 efetuado a partir de 15 dias ap\u00f3s o t\u00e9rmino do evento.<\/p><p>Transfer\u00eancia de inscri\u00e7\u00e3o para outro participante poder\u00e1 ser solicitada at\u00e9 10 de agosto, desde que seja da mesma categoria.<\/p><p>As solicita\u00e7\u00f5es de ressarcimento ou transfer\u00eancia de inscri\u00e7\u00e3o devem ser enviadas para o e-mail: <a href=\"mailto:contato@pharmaeventus.com.br\">contato@pharmaeventus.com.br<\/a><\/p>\t\t\t\t\t\t\t\t<\/div>\n\t\t\t\t<\/div>\n\t\t\t\t\t<\/div>\n\t\t<\/div>\n\t\t\t\t\t<\/div>\n\t\t<\/section>\n\t\t\t\t\t<\/div>\n\t\t<\/div>\n\t\t\t\t\t<\/div>\n\t\t<\/section>\n\t\t\t\t<\/div>\n\t\t","protected":false},"excerpt":{"rendered":"<p>As inscri\u00e7\u00f5es online estar\u00e3o abertas em breve! &times; Dispensar alerta Para as categorias destacadas com * ser\u00e1 obrigat\u00f3rio a submiss\u00e3o de documento comprobat\u00f3rio. O pagamento apenas ser\u00e1 disponibilizado ap\u00f3s a verifica\u00e7\u00e3o desta documenta\u00e7\u00e3o. Categorias at\u00e9 22.06.2022 Inscri\u00e7\u00e3o Profissionais da \u00c1rea de Sa\u00fade* *Obrigat\u00f3rio submiss\u00e3o de declara\u00e7\u00e3o da institui\u00e7\u00e3o onde trabalha ou carteira do respectivo conselho &hellip;<\/p>\n<p class=\"read-more\"> <a class=\"\" href=\"https:\/\/www.inaff.org.br\/simfar\/inscricoes\/\"> <span class=\"screen-reader-text\">Inscri\u00e7\u00f5es<\/span> Leia mais \u00bb<\/a><\/p>\n","protected":false},"author":1,"featured_media":0,"parent":0,"menu_order":0,"comment_status":"closed","ping_status":"closed","template":"","meta":{"site-sidebar-layout":"no-sidebar","site-content-layout":"page-builder","ast-main-header-display":"","ast-hfb-above-header-display":"","ast-hfb-below-header-display":"","ast-hfb-mobile-header-display":"","site-post-title":"disabled","ast-breadcrumbs-content":"","ast-featured-img":"disabled","footer-sml-layout":"","theme-transparent-header-meta":"","adv-header-id-meta":"","stick-header-meta":"","header-above-stick-meta":"","header-main-stick-meta":"","header-below-stick-meta":"","footnotes":""},"class_list":["post-1773","page","type-page","status-publish","hentry"],"_links":{"self":[{"href":"https:\/\/www.inaff.org.br\/simfar\/wp-json\/wp\/v2\/pages\/1773","targetHints":{"allow":["GET"]}}],"collection":[{"href":"https:\/\/www.inaff.org.br\/simfar\/wp-json\/wp\/v2\/pages"}],"about":[{"href":"https:\/\/www.inaff.org.br\/simfar\/wp-json\/wp\/v2\/types\/page"}],"author":[{"embeddable":true,"href":"https:\/\/www.inaff.org.br\/simfar\/wp-json\/wp\/v2\/users\/1"}],"replies":[{"embeddable":true,"href":"https:\/\/www.inaff.org.br\/simfar\/wp-json\/wp\/v2\/comments?post=1773"}],"version-history":[{"count":283,"href":"https:\/\/www.inaff.org.br\/simfar\/wp-json\/wp\/v2\/pages\/1773\/revisions"}],"predecessor-version":[{"id":5969,"href":"https:\/\/www.inaff.org.br\/simfar\/wp-json\/wp\/v2\/pages\/1773\/revisions\/5969"}],"wp:attachment":[{"href":"https:\/\/www.inaff.org.br\/simfar\/wp-json\/wp\/v2\/media?parent=1773"}],"curies":[{"name":"wp","href":"https:\/\/api.w.org\/{rel}","templated":true}]}}